{"id":13009,"date":"2025-08-06T15:34:06","date_gmt":"2025-08-06T20:34:06","guid":{"rendered":"https:\/\/miragemargarine.com\/the-bakers-friend-french\/"},"modified":"2025-12-03T13:43:57","modified_gmt":"2025-12-03T19:43:57","slug":"l-amie-du-boulanger","status":"publish","type":"page","link":"https:\/\/miragemargarine.com\/fr\/l-amie-du-boulanger\/","title":{"rendered":"L&rsquo;amie du boulanger"},"content":{"rendered":"<div id=\"cs-content\" class=\"cs-content\"><div class=\"x-section e13009-e1 ma1d-0 ma1d-1 ma1d-2 ma1d-3 interior-banner\"><div class=\"x-row x-container max width e13009-e2 ma1d-9 ma1d-a ma1d-b ma1d-c ma1d-d ma1d-e ma1d-l ma1d-m interior-banner__row\"><div class=\"x-row-inner\"><div class=\"x-col e13009-e3 ma1d-r ma1d-s ma1d-t ma1d-u interior-banner__col\"><div class=\"x-text x-text-headline e13009-e4 ma1d-y ma1d-z ma1d-10 ma1d-11 ma1d-12 ma1d-13 ma1d-14 h1-headline\"><div class=\"x-text-content\"><div class=\"x-text-content-text\"><h1 class=\"x-text-content-text-primary\">L'amie du boulanger\n<\/h1>\n<span class=\"x-text-content-text-subheadline\">Con\u00e7ue pour donner le m\u00eame r\u00e9sultat que le beurre, Mirage est la margarine pr\u00e9f\u00e9r\u00e9e de ceux et celles qui veulent allier qualit\u00e9 et saveur incomparables.<\/span><\/div><\/div><\/div><\/div><div class=\"x-col e13009-e5 ma1d-r ma1d-t ma1d-u ma1d-v interior-banner__image\"><span class=\"x-image e13009-e6 ma1d-1d ma1d-1e\"><img decoding=\"async\" src=\"https:\/\/miragemargarine.com\/wp-content\/uploads\/2025\/08\/Asset-1@3x-e1754511029423.png\" width=\"545\" height=\"608\" alt=\"Image\"><\/span><\/div><\/div><\/div><div class=\"x-div e13009-e7 ma1d-1g ma1d-1h ma1d-1i ma1d-1j ma1d-1k ma1d-1l ma1d-1m interior-banner__red\"><hr class=\"x-line x-hide-lg x-hide-md x-hide-sm x-hide-xl x-hide-xs e13009-e8 ma1d-1s\"\/><\/div><\/div><div class=\"x-section e13009-e9 ma1d-0 ma1d-3 ma1d-4 ma1d-5\"><div class=\"x-row x-container max width e13009-e10 ma1d-a ma1d-b ma1d-c ma1d-e ma1d-f ma1d-g ma1d-h ma1d-l ma1d-n\"><div class=\"x-row-inner\"><div class=\"x-col e13009-e11 ma1d-t ma1d-u\"><div class=\"x-text x-text-headline e13009-e12 ma1d-y ma1d-z ma1d-10 ma1d-11 ma1d-12 ma1d-14 ma1d-15 h2-headline\"><div class=\"x-text-content\"><div class=\"x-text-content-text\"><h2 class=\"x-text-content-text-primary\">Vous vous demandez pourquoi Mirage est connue comme l\u2019amie des boulangers?<\/h2>\n<\/div><\/div><\/div><div class=\"x-text x-content e13009-e13 ma1d-1t body-text\"><span data-metadata=\"&lt;!--(figmeta)eyJmaWxlS2V5IjoiUmYwT2JQOWRNc3RFWldsNU9lTUJETSIsInBhc3RlSUQiOjEwNTY3NzYwNzUsImRhdGFUeXBlIjoic2NlbmUifQo=(\/figmeta)--&gt;\"><\/span>Avec une teneur impressionnante de 85 % en huiles, Mirage offre une texture ultra cr\u00e9meuse qui se d\u00e9marque en p\u00e2tisserie \u2014 m\u00e9ritant pleinement son titre \u00ab d\u2019amie des boulangers \u00bb et vous accompagnant \u00e0 chaque \u00e9tape. Que vous glaciez avec soin le g\u00e2teau d\u2019anniversaire d\u2019un ami ou que vous pr\u00e9pariez un dessert pour un potluck familial, la margarine Mirage est toujours l\u00e0 pour vous.<\/div><div class=\"x-div e13009-e14 ma1d-1g ma1d-1k ma1d-1l ma1d-1n ma1d-1o\"><a class=\"x-anchor x-anchor-button e13009-e15 ma1d-1u ma1d-1v ma1d-1w primary-btn\" tabindex=\"0\" href=\"\/fr\/meilleurs-conseils-de-cuisson\/\"><div class=\"x-anchor-content\"><div class=\"x-anchor-text\"><span class=\"x-anchor-text-primary\">Meilleurs conseils de p\u00e2tisserie<\/span><\/div><\/div><\/a><a class=\"x-anchor x-anchor-button e13009-e16 ma1d-1u ma1d-1x ma1d-1y secondary-btn\" tabindex=\"0\" href=\"\/fr\/les-bases-de-la-patisserie-101\/\"><div class=\"x-anchor-content\"><div class=\"x-anchor-text\"><span class=\"x-anchor-text-primary\">Bases de la p\u00e2tisserie 101<\/span><\/div><\/div><\/a><a class=\"x-anchor x-anchor-button e13009-e17 ma1d-1u ma1d-1w ma1d-1x ma1d-1z primary-purp-btn\" tabindex=\"0\" href=\"\/fr\/categories\/les-bases\/\"><div class=\"x-anchor-content\"><div class=\"x-anchor-text\"><span class=\"x-anchor-text-primary\">Recettes pour d\u00e9butants<\/span><\/div><\/div><\/a><\/div><\/div><div class=\"x-col e13009-e18 ma1d-t ma1d-u\"><div class=\"x-text x-text-headline has-graphic e13009-e19 ma1d-y ma1d-10 ma1d-14 ma1d-16 ma1d-17 ma1d-18 ma1d-19\"><div class=\"x-text-content\"><span class=\"x-graphic\" aria-hidden=\"true\"><span class=\"x-image x-graphic-child x-graphic-image x-graphic-primary\"><img decoding=\"async\" src=\"https:\/\/miragemargarine.com\/wp-content\/uploads\/2025\/08\/check.png\" width=\"45\" height=\"46\" alt=\"Image\"><\/span><\/span><div class=\"x-text-content-text\"><div class=\"x-text-content-text-primary\">\u00c0 base de plantes<\/div>\n<\/div><\/div><\/div><div class=\"x-text x-text-headline has-graphic e13009-e20 ma1d-y ma1d-10 ma1d-14 ma1d-16 ma1d-17 ma1d-18 ma1d-19\"><div class=\"x-text-content\"><span class=\"x-graphic\" aria-hidden=\"true\"><span class=\"x-image x-graphic-child x-graphic-image x-graphic-primary\"><img decoding=\"async\" src=\"https:\/\/miragemargarine.com\/wp-content\/uploads\/2025\/08\/check.png\" width=\"45\" height=\"46\" alt=\"Image\"><\/span><\/span><div class=\"x-text-content-text\"><div class=\"x-text-content-text-primary\">Sans gluten<\/div>\n<\/div><\/div><\/div><div class=\"x-text x-text-headline has-graphic e13009-e21 ma1d-y ma1d-10 ma1d-14 ma1d-16 ma1d-17 ma1d-18 ma1d-19\"><div class=\"x-text-content\"><span class=\"x-graphic\" aria-hidden=\"true\"><span class=\"x-image x-graphic-child x-graphic-image x-graphic-primary\"><img decoding=\"async\" src=\"https:\/\/miragemargarine.com\/wp-content\/uploads\/2025\/08\/check.png\" width=\"45\" height=\"46\" alt=\"Image\"><\/span><\/span><div class=\"x-text-content-text\"><div class=\"x-text-content-text-primary\">Cuit comme du beurre<\/div>\n<\/div><\/div><\/div><\/div><\/div><\/div><\/div><div class=\"x-section e13009-e22 ma1d-0 ma1d-1 ma1d-5 ma1d-6\"><div class=\"x-row x-container max width e13009-e23 ma1d-a ma1d-b ma1d-c ma1d-e ma1d-f ma1d-h ma1d-i ma1d-l ma1d-o\"><div class=\"x-row-inner\"><div class=\"x-col e13009-e24 ma1d-t ma1d-u ma1d-w\"><div class=\"x-text x-text-headline has-graphic e13009-e25 ma1d-10 ma1d-11 ma1d-12 ma1d-14 ma1d-15 ma1d-17 ma1d-19 ma1d-1a ma1d-1b h2-headline\"><div class=\"x-text-content\"><span class=\"x-graphic\" aria-hidden=\"true\"><span class=\"x-image x-graphic-child x-graphic-image x-graphic-primary\"><img decoding=\"async\" src=\"https:\/\/miragemargarine.com\/wp-content\/uploads\/2025\/08\/Asset-5@3x-e1754511608850.png\" width=\"248\" height=\"258\" alt=\"Image\"><\/span><\/span><div class=\"x-text-content-text\"><h2 class=\"x-text-content-text-primary\">Les meilleures recettes avec la margarine Mirage<\/h2>\n<\/div><\/div><\/div><\/div><\/div><\/div><div class=\"x-row x-container max width e13009-e26 ma1d-b ma1d-c ma1d-d ma1d-f ma1d-j ma1d-p\"><div class=\"x-row-inner\"><div class=\"x-col e13009-e27 ma1d-t ma1d-u\"><div class=\"x-row e13009-e28 ma1d-a ma1d-b ma1d-d ma1d-f ma1d-k ma1d-q\"><div class=\"x-row-inner\"><a class=\"x-col e13009-e29 ma1d-t ma1d-x\" href=\"https:\/\/miragemargarine.com\/fr\/categories\/biscuits\/\" data-x-effect-provider=\"colors particles effects\"><article class=\"x-div e13009-e30 ma1d-1g ma1d-1j ma1d-1k ma1d-1n ma1d-1p ma1d-7\"><div class=\"x-div e13009-e31 ma1d-1g ma1d-1j ma1d-1m ma1d-1q\"><div class=\"x-text x-text-headline e13009-e32 ma1d-10 ma1d-11 ma1d-18 ma1d-19 ma1d-1a ma1d-1c\"><div class=\"x-text-content\"><div class=\"x-text-content-text\"><h3 class=\"x-text-content-text-primary\">Biscuits<\/h3>\n<\/div><\/div><\/div><\/div><figure class=\"x-div e13009-e33 ma1d-1g ma1d-1h ma1d-1k ma1d-1l ma1d-1r ma1d-7 ma1d-8\" data-x-effect=\"{&quot;durationBase&quot;:&quot;650ms&quot;}\"><span class=\"x-image e13009-e34 ma1d-1d ma1d-1f\"><img decoding=\"async\" src=\"https:\/\/miragemargarine.com\/wp-content\/uploads\/2025\/08\/Cookies.jpg\" alt=\"Featured image for \u201cL&rsquo;amie du boulanger\u201d\"><\/span><\/figure><\/article><\/a><a class=\"x-col e13009-e29 ma1d-t ma1d-x\" href=\"https:\/\/miragemargarine.com\/fr\/categories\/carres-et-barres\/\" data-x-effect-provider=\"colors particles effects\"><article class=\"x-div e13009-e30 ma1d-1g ma1d-1j ma1d-1k ma1d-1n ma1d-1p ma1d-7\"><div class=\"x-div e13009-e31 ma1d-1g ma1d-1j ma1d-1m ma1d-1q\"><div class=\"x-text x-text-headline e13009-e32 ma1d-10 ma1d-11 ma1d-18 ma1d-19 ma1d-1a ma1d-1c\"><div class=\"x-text-content\"><div class=\"x-text-content-text\"><h3 class=\"x-text-content-text-primary\">Carr\u00e9s et barres<\/h3>\n<\/div><\/div><\/div><\/div><figure class=\"x-div e13009-e33 ma1d-1g ma1d-1h ma1d-1k ma1d-1l ma1d-1r ma1d-7 ma1d-8\" data-x-effect=\"{&quot;durationBase&quot;:&quot;650ms&quot;}\"><span class=\"x-image e13009-e34 ma1d-1d ma1d-1f\"><img decoding=\"async\" src=\"https:\/\/miragemargarine.com\/wp-content\/uploads\/2025\/08\/Squares.jpg\" alt=\"Featured image for \u201cL&rsquo;amie du boulanger\u201d\"><\/span><\/figure><\/article><\/a><a class=\"x-col e13009-e29 ma1d-t ma1d-x\" href=\"https:\/\/miragemargarine.com\/fr\/categories\/gateau\/\" data-x-effect-provider=\"colors particles effects\"><article class=\"x-div e13009-e30 ma1d-1g ma1d-1j ma1d-1k ma1d-1n ma1d-1p ma1d-7\"><div class=\"x-div e13009-e31 ma1d-1g ma1d-1j ma1d-1m ma1d-1q\"><div class=\"x-text x-text-headline e13009-e32 ma1d-10 ma1d-11 ma1d-18 ma1d-19 ma1d-1a ma1d-1c\"><div class=\"x-text-content\"><div class=\"x-text-content-text\"><h3 class=\"x-text-content-text-primary\">G\u00e2teau<\/h3>\n<\/div><\/div><\/div><\/div><figure class=\"x-div e13009-e33 ma1d-1g ma1d-1h ma1d-1k ma1d-1l ma1d-1r ma1d-7 ma1d-8\" data-x-effect=\"{&quot;durationBase&quot;:&quot;650ms&quot;}\"><span class=\"x-image e13009-e34 ma1d-1d ma1d-1f\"><img decoding=\"async\" src=\"https:\/\/miragemargarine.com\/wp-content\/uploads\/2025\/08\/Cakes.jpg\" alt=\"Featured image for \u201cL&rsquo;amie du boulanger\u201d\"><\/span><\/figure><\/article><\/a><a class=\"x-col e13009-e29 ma1d-t ma1d-x\" href=\"https:\/\/miragemargarine.com\/fr\/categories\/pains\/\" data-x-effect-provider=\"colors particles effects\"><article class=\"x-div e13009-e30 ma1d-1g ma1d-1j ma1d-1k ma1d-1n ma1d-1p ma1d-7\"><div class=\"x-div e13009-e31 ma1d-1g ma1d-1j ma1d-1m ma1d-1q\"><div class=\"x-text x-text-headline e13009-e32 ma1d-10 ma1d-11 ma1d-18 ma1d-19 ma1d-1a ma1d-1c\"><div class=\"x-text-content\"><div class=\"x-text-content-text\"><h3 class=\"x-text-content-text-primary\">Pains<\/h3>\n<\/div><\/div><\/div><\/div><figure class=\"x-div e13009-e33 ma1d-1g ma1d-1h ma1d-1k ma1d-1l ma1d-1r ma1d-7 ma1d-8\" data-x-effect=\"{&quot;durationBase&quot;:&quot;650ms&quot;}\"><span class=\"x-image e13009-e34 ma1d-1d ma1d-1f\"><img decoding=\"async\" src=\"https:\/\/miragemargarine.com\/wp-content\/uploads\/2025\/08\/Loaves.jpg\" alt=\"Featured image for \u201cL&rsquo;amie du boulanger\u201d\"><\/span><\/figure><\/article><\/a><a class=\"x-col e13009-e29 ma1d-t ma1d-x\" href=\"https:\/\/miragemargarine.com\/fr\/categories\/patisserie\/\" data-x-effect-provider=\"colors particles effects\"><article class=\"x-div e13009-e30 ma1d-1g ma1d-1j ma1d-1k ma1d-1n ma1d-1p ma1d-7\"><div class=\"x-div e13009-e31 ma1d-1g ma1d-1j ma1d-1m ma1d-1q\"><div class=\"x-text x-text-headline e13009-e32 ma1d-10 ma1d-11 ma1d-18 ma1d-19 ma1d-1a ma1d-1c\"><div class=\"x-text-content\"><div class=\"x-text-content-text\"><h3 class=\"x-text-content-text-primary\">P\u00e2tisserie<\/h3>\n<\/div><\/div><\/div><\/div><figure class=\"x-div e13009-e33 ma1d-1g ma1d-1h ma1d-1k ma1d-1l ma1d-1r ma1d-7 ma1d-8\" data-x-effect=\"{&quot;durationBase&quot;:&quot;650ms&quot;}\"><span class=\"x-image e13009-e34 ma1d-1d ma1d-1f\"><img decoding=\"async\" src=\"https:\/\/miragemargarine.com\/wp-content\/uploads\/2025\/08\/Pastries.jpg\" alt=\"Featured image for \u201cL&rsquo;amie du boulanger\u201d\"><\/span><\/figure><\/article><\/a><a class=\"x-col e13009-e29 ma1d-t ma1d-x\" href=\"https:\/\/miragemargarine.com\/fr\/categories\/sarriette\/\" data-x-effect-provider=\"colors particles effects\"><article class=\"x-div e13009-e30 ma1d-1g ma1d-1j ma1d-1k ma1d-1n ma1d-1p ma1d-7\"><div class=\"x-div e13009-e31 ma1d-1g ma1d-1j ma1d-1m ma1d-1q\"><div class=\"x-text x-text-headline e13009-e32 ma1d-10 ma1d-11 ma1d-18 ma1d-19 ma1d-1a ma1d-1c\"><div class=\"x-text-content\"><div class=\"x-text-content-text\"><h3 class=\"x-text-content-text-primary\">Sarriette<\/h3>\n<\/div><\/div><\/div><\/div><figure class=\"x-div e13009-e33 ma1d-1g ma1d-1h ma1d-1k ma1d-1l ma1d-1r ma1d-7 ma1d-8\" data-x-effect=\"{&quot;durationBase&quot;:&quot;650ms&quot;}\"><span class=\"x-image e13009-e34 ma1d-1d ma1d-1f\"><img decoding=\"async\" src=\"https:\/\/miragemargarine.com\/wp-content\/uploads\/2025\/08\/Savoury.jpg\" alt=\"Featured image for \u201cL&rsquo;amie du boulanger\u201d\"><\/span><\/figure><\/article><\/a><\/div><\/div><\/div><\/div><\/div><\/div><\/div>","protected":false},"excerpt":{"rendered":"<p>L&rsquo;amie du boulanger Con\u00e7ue pour donner le m\u00eame r\u00e9sultat que le beurre, Mirage est la margarine pr\u00e9f\u00e9r\u00e9e de ceux et celles qui veulent allier qualit\u00e9 et saveur incomparables.Vous vous demandez pourquoi Mirage est connue comme l\u2019amie des boulangers? Avec une teneur impressionnante de 85 % en huiles, Mirage offre une texture ultra cr\u00e9meuse qui se d\u00e9marque en p\u00e2tisserie \u2014 m\u00e9ritant\u2026<\/p>\n","protected":false},"author":1,"featured_media":0,"parent":0,"menu_order":0,"comment_status":"closed","ping_status":"closed","template":"template-blank-4.php","meta":{"_acf_changed":false,"footnotes":""},"class_list":["post-13009","page","type-page","status-publish","hentry","no-post-thumbnail"],"acf":[],"_links":{"self":[{"href":"https:\/\/miragemargarine.com\/fr\/wp-json\/wp\/v2\/pages\/13009","targetHints":{"allow":["GET"]}}],"collection":[{"href":"https:\/\/miragemargarine.com\/fr\/wp-json\/wp\/v2\/pages"}],"about":[{"href":"https:\/\/miragemargarine.com\/fr\/wp-json\/wp\/v2\/types\/page"}],"author":[{"embeddable":true,"href":"https:\/\/miragemargarine.com\/fr\/wp-json\/wp\/v2\/users\/1"}],"replies":[{"embeddable":true,"href":"https:\/\/miragemargarine.com\/fr\/wp-json\/wp\/v2\/comments?post=13009"}],"version-history":[{"count":39,"href":"https:\/\/miragemargarine.com\/fr\/wp-json\/wp\/v2\/pages\/13009\/revisions"}],"predecessor-version":[{"id":13301,"href":"https:\/\/miragemargarine.com\/fr\/wp-json\/wp\/v2\/pages\/13009\/revisions\/13301"}],"wp:attachment":[{"href":"https:\/\/miragemargarine.com\/fr\/wp-json\/wp\/v2\/media?parent=13009"}],"curies":[{"name":"wp","href":"https:\/\/api.w.org\/{rel}","templated":true}]}}