{"id":12990,"date":"2025-08-07T10:43:06","date_gmt":"2025-08-07T15:43:06","guid":{"rendered":"https:\/\/miragemargarine.com\/faqs-french\/"},"modified":"2025-12-15T13:51:28","modified_gmt":"2025-12-15T19:51:28","slug":"faqs","status":"publish","type":"page","link":"https:\/\/miragemargarine.com\/fr\/faqs\/","title":{"rendered":"Questions fr\u00e9quemment pos\u00e9es"},"content":{"rendered":"<div id=\"cs-content\" class=\"cs-content\"><div class=\"x-section e12990-e1 ma0u-0 ma0u-1 interior-banner\"><div class=\"x-row x-container max width e12990-e2 ma0u-3 ma0u-4 ma0u-6 ma0u-7 interior-banner__row\"><div class=\"x-row-inner\"><div class=\"x-col e12990-e3 ma0u-9 ma0u-a ma0u-b interior-banner__col\"><div class=\"x-text x-text-headline e12990-e4 ma0u-d ma0u-e h1-headline\"><div class=\"x-text-content\"><div class=\"x-text-content-text\"><h1 class=\"x-text-content-text-primary\">Questions fr\u00e9quemment pos\u00e9es\n<\/h1>\n<span class=\"x-text-content-text-subheadline\">Vous voulez en savoir plus sur Margarine Mirage? Trouvez les r\u00e9ponses \u00e0 nos questions les plus fr\u00e9quemment pos\u00e9es sur notre page FAQ.<\/span><\/div><\/div><\/div><\/div><div class=\"x-col e12990-e5 ma0u-9 ma0u-b ma0u-c interior-banner__image\"><span class=\"x-image e12990-e6 ma0u-g\"><img decoding=\"async\" src=\"https:\/\/miragemargarine.com\/wp-content\/uploads\/2025\/08\/Asset-1@3x-e1754511029423.png\" width=\"545\" height=\"608\" alt=\"Image\"><\/span><\/div><\/div><\/div><div class=\"x-div e12990-e7 ma0u-h interior-banner__red\"><hr class=\"x-line x-hide-lg x-hide-md x-hide-sm x-hide-xl x-hide-xs e12990-e8 ma0u-i\"\/><\/div><\/div><div class=\"x-section e12990-e9 ma0u-0 ma0u-2\"><div class=\"x-row x-container max width e12990-e10 ma0u-4 ma0u-5 ma0u-6 ma0u-8\"><div class=\"x-row-inner\"><div class=\"x-col e12990-e11 ma0u-b\"><div class=\"x-acc e12990-e12 ma0u-j\" id=\"x-acc-e12990-e12\"><div class=\"e12990-e13 x-acc-item\"><button id=\"tab-e12990-e13\" class=\"x-acc-header\" role=\"button\" type=\"button\" aria-expanded=\"false\" aria-controls=\"panel-e12990-e13\" data-x-toggle=\"collapse\" data-x-toggleable=\"e12990-e13\" data-x-toggle-group=\"e12990-e12\"><span class=\"x-acc-header-content\"><span class=\"x-acc-header-indicator\"><i class=\"x-icon\" aria-hidden=\"true\" data-x-icon-s=\"&#xf0da;\"><\/i><\/span><span class=\"x-acc-header-text\">O\u00f9 puis-je trouver la margarine Mirage ?<\/span><\/span><\/button><div id=\"panel-e12990-e13\" role=\"tabpanel\" aria-hidden=\"true\" aria-labelledby=\"tab-e12990-e13\" data-x-toggleable=\"e12990-e13\" data-x-toggle-collapse=\"1\" class=\"x-collapsed\"><div class=\"x-acc-content\"><div class=\"x-text x-content e12990-e14 ma0u-k\">Pour trouver Mirage dans le magasin le plus proche de chez vous, veuillez utiliser notre <a href=\"\/fr\/acheter\/\">outil de localisation de produits<\/a>.<\/div><\/div><\/div><\/div><div class=\"e12990-e15 x-acc-item\"><button id=\"tab-e12990-e15\" class=\"x-acc-header\" role=\"button\" type=\"button\" aria-expanded=\"false\" aria-controls=\"panel-e12990-e15\" data-x-toggle=\"collapse\" data-x-toggleable=\"e12990-e15\" data-x-toggle-group=\"e12990-e12\"><span class=\"x-acc-header-content\"><span class=\"x-acc-header-indicator\"><i class=\"x-icon\" aria-hidden=\"true\" data-x-icon-s=\"&#xf0da;\"><\/i><\/span><span class=\"x-acc-header-text\">La margarine Mirage est-elle fabriqu\u00e9e au Canada ?<\/span><\/span><\/button><div id=\"panel-e12990-e15\" role=\"tabpanel\" aria-hidden=\"true\" aria-labelledby=\"tab-e12990-e15\" data-x-toggleable=\"e12990-e15\" data-x-toggle-collapse=\"1\" class=\"x-collapsed\"><div class=\"x-acc-content\"><div class=\"x-text x-content e12990-e16 ma0u-k\">Oui, la margarine Mirage est fabriqu\u00e9e au Canada \u00e0 partir d\u2019huiles de canola et v\u00e9g\u00e9tales non hydrog\u00e9n\u00e9es. Notre soci\u00e9t\u00e9 m\u00e8re, Richardson International, est une fi\u00e8re entreprise canadienne familiale.<\/div><\/div><\/div><\/div><div class=\"e12990-e17 x-acc-item\"><button id=\"tab-e12990-e17\" class=\"x-acc-header\" role=\"button\" type=\"button\" aria-expanded=\"false\" aria-controls=\"panel-e12990-e17\" data-x-toggle=\"collapse\" data-x-toggleable=\"e12990-e17\" data-x-toggle-group=\"e12990-e12\"><span class=\"x-acc-header-content\"><span class=\"x-acc-header-indicator\"><i class=\"x-icon\" aria-hidden=\"true\" data-x-icon-s=\"&#xf0da;\"><\/i><\/span><span class=\"x-acc-header-text\">Puis-je utiliser la margarine Mirage \u00e0 la place du beurre dans mes recettes ?<\/span><\/span><\/button><div id=\"panel-e12990-e17\" role=\"tabpanel\" aria-hidden=\"true\" aria-labelledby=\"tab-e12990-e17\" data-x-toggleable=\"e12990-e17\" data-x-toggle-collapse=\"1\" class=\"x-collapsed\"><div class=\"x-acc-content\"><div class=\"x-text x-content e12990-e18 ma0u-k\">Oui, la margarine Mirage peut \u00eatre utilis\u00e9e \u00e0 la place du beurre dans la plupart des recettes, selon un ratio de 1:1. Comme la margarine Mirage est lisse et cr\u00e9meuse d\u00e8s sa sortie du contenant, elle constitue \u00e9galement une excellente tartinade pour les r\u00f4ties, les sandwichs et bien plus encore !<\/div><\/div><\/div><\/div><div class=\"e12990-e19 x-acc-item\"><button id=\"tab-e12990-e19\" class=\"x-acc-header\" role=\"button\" type=\"button\" aria-expanded=\"false\" aria-controls=\"panel-e12990-e19\" data-x-toggle=\"collapse\" data-x-toggleable=\"e12990-e19\" data-x-toggle-group=\"e12990-e12\"><span class=\"x-acc-header-content\"><span class=\"x-acc-header-indicator\"><i class=\"x-icon\" aria-hidden=\"true\" data-x-icon-s=\"&#xf0da;\"><\/i><\/span><span class=\"x-acc-header-text\">La margarine Mirage convient-elle \u00e0 une alimentation saine ?<\/span><\/span><\/button><div id=\"panel-e12990-e19\" role=\"tabpanel\" aria-hidden=\"true\" aria-labelledby=\"tab-e12990-e19\" data-x-toggleable=\"e12990-e19\" data-x-toggle-collapse=\"1\" class=\"x-collapsed\"><div class=\"x-acc-content\"><div class=\"x-text x-content e12990-e20 ma0u-k\">Oui, la margarine Mirage est un excellent choix pour de nombreux r\u00e9gimes alimentaires, puisqu\u2019elle est sans gras trans et sans cholest\u00e9rol, en plus d\u2019\u00eatre riche en om\u00e9ga-3. Mirage est fabriqu\u00e9e \u00e0 partir d\u2019huiles v\u00e9g\u00e9tales de haute qualit\u00e9, ce qui en fait un excellent choix pour la sant\u00e9 du c\u0153ur.<\/div><\/div><\/div><\/div><\/div><\/div><div class=\"x-col e12990-e21 ma0u-b\"><div class=\"x-text x-text-headline has-graphic e12990-e22 ma0u-d ma0u-f\"><div class=\"x-text-content\"><span class=\"x-graphic\" aria-hidden=\"true\"><span class=\"x-image x-graphic-child x-graphic-image x-graphic-primary\"><img decoding=\"async\" src=\"https:\/\/miragemargarine.com\/wp-content\/uploads\/2025\/08\/check.png\" width=\"45\" height=\"46\" alt=\"Image\"><\/span><\/span><div class=\"x-text-content-text\"><div class=\"x-text-content-text-primary\">\u00e0 base de plantes<\/div>\n<\/div><\/div><\/div><div class=\"x-text x-text-headline has-graphic e12990-e23 ma0u-d ma0u-f\"><div class=\"x-text-content\"><span class=\"x-graphic\" aria-hidden=\"true\"><span class=\"x-image x-graphic-child x-graphic-image x-graphic-primary\"><img decoding=\"async\" src=\"https:\/\/miragemargarine.com\/wp-content\/uploads\/2025\/08\/check.png\" width=\"45\" height=\"46\" alt=\"Image\"><\/span><\/span><div class=\"x-text-content-text\"><div class=\"x-text-content-text-primary\">sans gluten<\/div>\n<\/div><\/div><\/div><div class=\"x-text x-text-headline has-graphic e12990-e24 ma0u-d ma0u-f\"><div class=\"x-text-content\"><span class=\"x-graphic\" aria-hidden=\"true\"><span class=\"x-image x-graphic-child x-graphic-image x-graphic-primary\"><img decoding=\"async\" src=\"https:\/\/miragemargarine.com\/wp-content\/uploads\/2025\/08\/check.png\" width=\"45\" height=\"46\" alt=\"Image\"><\/span><\/span><div class=\"x-text-content-text\"><div class=\"x-text-content-text-primary\">cuit comme du beurre<\/div>\n<\/div><\/div><\/div><\/div><\/div><\/div><\/div><\/div>","protected":false},"excerpt":{"rendered":"<p>Questions fr\u00e9quemment pos\u00e9es Vous voulez en savoir plus sur Margarine Mirage? Trouvez les r\u00e9ponses \u00e0 nos questions les plus fr\u00e9quemment pos\u00e9es sur notre page FAQ.O\u00f9 puis-je trouver la margarine Mirage ?Pour trouver Mirage dans le magasin le plus proche de chez vous, veuillez utiliser notre outil de localisation de produits.La margarine Mirage est-elle fabriqu\u00e9e au Canada ?Oui, la margarine Mirage\u2026<\/p>\n","protected":false},"author":1,"featured_media":0,"parent":0,"menu_order":0,"comment_status":"closed","ping_status":"closed","template":"template-blank-4.php","meta":{"_acf_changed":false,"footnotes":""},"class_list":["post-12990","page","type-page","status-publish","hentry","no-post-thumbnail"],"acf":[],"_links":{"self":[{"href":"https:\/\/miragemargarine.com\/fr\/wp-json\/wp\/v2\/pages\/12990","targetHints":{"allow":["GET"]}}],"collection":[{"href":"https:\/\/miragemargarine.com\/fr\/wp-json\/wp\/v2\/pages"}],"about":[{"href":"https:\/\/miragemargarine.com\/fr\/wp-json\/wp\/v2\/types\/page"}],"author":[{"embeddable":true,"href":"https:\/\/miragemargarine.com\/fr\/wp-json\/wp\/v2\/users\/1"}],"replies":[{"embeddable":true,"href":"https:\/\/miragemargarine.com\/fr\/wp-json\/wp\/v2\/comments?post=12990"}],"version-history":[{"count":24,"href":"https:\/\/miragemargarine.com\/fr\/wp-json\/wp\/v2\/pages\/12990\/revisions"}],"predecessor-version":[{"id":13361,"href":"https:\/\/miragemargarine.com\/fr\/wp-json\/wp\/v2\/pages\/12990\/revisions\/13361"}],"wp:attachment":[{"href":"https:\/\/miragemargarine.com\/fr\/wp-json\/wp\/v2\/media?parent=12990"}],"curies":[{"name":"wp","href":"https:\/\/api.w.org\/{rel}","templated":true}]}}