{"id":12980,"date":"2025-08-07T10:37:53","date_gmt":"2025-08-07T15:37:53","guid":{"rendered":"https:\/\/miragemargarine.com\/buy-now-french\/"},"modified":"2025-09-17T11:53:58","modified_gmt":"2025-09-17T16:53:58","slug":"acheter","status":"publish","type":"page","link":"https:\/\/miragemargarine.com\/fr\/acheter\/","title":{"rendered":"Acheter"},"content":{"rendered":"<div id=\"cs-content\" class=\"cs-content\"><div class=\"x-section e12980-e1 ma0k-0 ma0k-1 interior-banner\"><div class=\"x-row x-container max width e12980-e2 ma0k-3 ma0k-4 ma0k-6 ma0k-7 interior-banner__row\"><div class=\"x-row-inner\"><div class=\"x-col e12980-e3 ma0k-9 ma0k-a ma0k-b interior-banner__col\"><div class=\"x-text x-text-headline e12980-e4 ma0k-d h1-headline\"><div class=\"x-text-content\"><div class=\"x-text-content-text\"><h1 class=\"x-text-content-text-primary\">Acheter<\/h1>\n<span class=\"x-text-content-text-subheadline\">Sp\u00e9cialement compos\u00e9e pour cuire comme du beurre, Mirage est la margarine de choix des boulangers qui recherchent une qualit\u00e9 et une saveur exceptionnelles.<\/span><\/div><\/div><\/div><\/div><div class=\"x-col e12980-e5 ma0k-9 ma0k-b ma0k-c interior-banner__image\"><span class=\"x-image e12980-e6 ma0k-e\"><img decoding=\"async\" src=\"https:\/\/miragemargarine.com\/wp-content\/uploads\/2025\/08\/Asset-8@3x-e1754581108323.png\" width=\"418\" height=\"453\" alt=\"Image\"><\/span><\/div><\/div><\/div><div class=\"x-div e12980-e7 ma0k-f interior-banner__red\"><hr class=\"x-line x-hide-lg x-hide-md x-hide-sm x-hide-xl x-hide-xs e12980-e8 ma0k-g\"\/><\/div><\/div><div class=\"x-section e12980-e9 ma0k-0 ma0k-2\"><div class=\"x-row x-container max width e12980-e10 ma0k-4 ma0k-5 ma0k-6 ma0k-8\"><div class=\"x-row-inner\"><div class=\"x-col e12980-e11 ma0k-b\"><script src=\"\/\/destinilocators.com\/mirage\/site\/install\/?MM=panel2\"><\/script><\/div><\/div><\/div><\/div><\/div>","protected":false},"excerpt":{"rendered":"<p>Acheter Sp\u00e9cialement compos\u00e9e pour cuire comme du beurre, Mirage est la margarine de choix des boulangers qui recherchent une qualit\u00e9 et une saveur exceptionnelles.<\/p>\n","protected":false},"author":1,"featured_media":0,"parent":0,"menu_order":0,"comment_status":"closed","ping_status":"closed","template":"template-blank-4.php","meta":{"_acf_changed":false,"footnotes":""},"class_list":["post-12980","page","type-page","status-publish","hentry","no-post-thumbnail"],"acf":[],"_links":{"self":[{"href":"https:\/\/miragemargarine.com\/fr\/wp-json\/wp\/v2\/pages\/12980","targetHints":{"allow":["GET"]}}],"collection":[{"href":"https:\/\/miragemargarine.com\/fr\/wp-json\/wp\/v2\/pages"}],"about":[{"href":"https:\/\/miragemargarine.com\/fr\/wp-json\/wp\/v2\/types\/page"}],"author":[{"embeddable":true,"href":"https:\/\/miragemargarine.com\/fr\/wp-json\/wp\/v2\/users\/1"}],"replies":[{"embeddable":true,"href":"https:\/\/miragemargarine.com\/fr\/wp-json\/wp\/v2\/comments?post=12980"}],"version-history":[{"count":5,"href":"https:\/\/miragemargarine.com\/fr\/wp-json\/wp\/v2\/pages\/12980\/revisions"}],"predecessor-version":[{"id":13151,"href":"https:\/\/miragemargarine.com\/fr\/wp-json\/wp\/v2\/pages\/12980\/revisions\/13151"}],"wp:attachment":[{"href":"https:\/\/miragemargarine.com\/fr\/wp-json\/wp\/v2\/media?parent=12980"}],"curies":[{"name":"wp","href":"https:\/\/api.w.org\/{rel}","templated":true}]}}