{"id":12975,"date":"2025-08-07T09:53:39","date_gmt":"2025-08-07T14:53:39","guid":{"rendered":"https:\/\/miragemargarine.com\/best-baking-tips-french\/"},"modified":"2025-12-18T06:59:09","modified_gmt":"2025-12-18T12:59:09","slug":"meilleurs-conseils-de-patisserie","status":"publish","type":"page","link":"https:\/\/miragemargarine.com\/fr\/meilleurs-conseils-de-patisserie\/","title":{"rendered":"Meilleurs conseils de p\u00e2tisserie"},"content":{"rendered":"<div id=\"cs-content\" class=\"cs-content\"><div class=\"x-section e12975-e1 ma0f-0 ma0f-1 interior-banner\"><div class=\"x-row x-container max width e12975-e2 ma0f-3 ma0f-4 ma0f-6 ma0f-7 interior-banner__row\"><div class=\"x-row-inner\"><div class=\"x-col e12975-e3 ma0f-9 ma0f-a ma0f-b interior-banner__col\"><div class=\"x-text x-text-headline e12975-e4 ma0f-d ma0f-e ma0f-f h1-headline\"><div class=\"x-text-content\"><div class=\"x-text-content-text\"><h1 class=\"x-text-content-text-primary\">Meilleurs conseils de p\u00e2tisserie\n<\/h1>\n<span class=\"x-text-content-text-subheadline\">Sp\u00e9cialement compos\u00e9e pour cuire comme du beurre, Mirage est la margarine de choix des boulangers qui recherchent une qualit\u00e9 et une saveur exceptionnelles.<\/span><\/div><\/div><\/div><\/div><div class=\"x-col e12975-e5 ma0f-9 ma0f-b ma0f-c interior-banner__image\"><span class=\"x-image e12975-e6 ma0f-i\"><img decoding=\"async\" src=\"https:\/\/miragemargarine.com\/wp-content\/uploads\/2025\/08\/Asset-1@3x-e1754511029423.png\" width=\"545\" height=\"608\" alt=\"Image\"><\/span><\/div><\/div><\/div><div class=\"x-div e12975-e7 ma0f-j ma0f-k interior-banner__red\"><hr class=\"x-line x-hide-lg x-hide-md x-hide-sm x-hide-xl x-hide-xs e12975-e8 ma0f-m\"\/><\/div><\/div><div class=\"x-section e12975-e9 ma0f-0 ma0f-2\"><div class=\"x-row x-container max width e12975-e10 ma0f-4 ma0f-5 ma0f-6 ma0f-8\"><div class=\"x-row-inner\"><div class=\"x-col e12975-e11 ma0f-b\"><div class=\"x-text x-text-headline e12975-e12 ma0f-d ma0f-e ma0f-g h2-headline\"><div class=\"x-text-content\"><div class=\"x-text-content-text\"><h2 class=\"x-text-content-text-primary\">La p\u00e2tisserie, c\u2019est de la chimie\n<\/h2>\n<\/div><\/div><\/div><div class=\"x-text x-content e12975-e13 ma0f-n body-text\"><ul>\n \t<li style=\"font-weight: 400;\" aria-level=\"1\"><span style=\"font-weight: 400;\">Chaque g\u00e2teau, pain et biscuit est une r\u00e9action chimique \u2014 la p\u00e2tisserie doit donc \u00eatre abord\u00e9e comme une science. Mesurer les ingr\u00e9dients avec pr\u00e9cision est l\u2019une des meilleures fa\u00e7ons d\u2019assurer la r\u00e9ussite de vos cr\u00e9ations.<\/span>\n<ul>\n \t<li style=\"font-weight: 400;\" aria-level=\"2\"><span style=\"font-weight: 400;\">Martha Stewart a partag\u00e9 l\u2019un de ses conseils de p\u00e2tisserie sur les m\u00e9dias sociaux : graisser les tasses \u00e0 mesurer avant d\u2019y mettre des ingr\u00e9dients collants pour s\u2019assurer que la quantit\u00e9 exacte se transf\u00e8re \u00e0 chaque fois.<\/span><\/li>\n \t<li style=\"font-weight: 400;\" aria-level=\"2\"><span style=\"font-weight: 400;\">Avec Mirage, graisser devient simple : il suffit de prendre un morceau de papier parchemin, de le tremper dans <span>bac de margarine Mirage<\/span>, puis de l\u2019\u00e9tendre sur votre tasse \u00e0 mesurer!<\/span><\/li>\n<\/ul>\n<\/li>\n<\/ul><\/div><div class=\"x-div e12975-e14 ma0f-j ma0f-l\"><a class=\"x-anchor x-anchor-button e12975-e15 ma0f-o ma0f-p primary-purp-btn\" tabindex=\"0\" href=\"\/fr\/categories\/les-bases\/\"><div class=\"x-anchor-content\"><div class=\"x-anchor-text\"><span class=\"x-anchor-text-primary\">Recettes pour d\u00e9butants<\/span><\/div><\/div><\/a><a class=\"x-anchor x-anchor-button e12975-e16 ma0f-o ma0f-q secondary-btn\" tabindex=\"0\" href=\"\/fr\/les-bases-de-la-patisserie-101\/\"><div class=\"x-anchor-content\"><div class=\"x-anchor-text\"><span class=\"x-anchor-text-primary\">Bases de la p\u00e2tisserie 101<\/span><\/div><\/div><\/a><\/div><\/div><div class=\"x-col e12975-e17 ma0f-b\"><div class=\"x-text x-text-headline has-graphic e12975-e18 ma0f-d ma0f-h\"><div class=\"x-text-content\"><span class=\"x-graphic\" aria-hidden=\"true\"><span class=\"x-image x-graphic-child x-graphic-image x-graphic-primary\"><img decoding=\"async\" src=\"https:\/\/miragemargarine.com\/wp-content\/uploads\/2025\/08\/check.png\" width=\"45\" height=\"46\" alt=\"Image\"><\/span><\/span><div class=\"x-text-content-text\"><div class=\"x-text-content-text-primary\">\u00c0 base de plantes<\/div>\n<\/div><\/div><\/div><div class=\"x-text x-text-headline has-graphic e12975-e19 ma0f-d ma0f-h\"><div class=\"x-text-content\"><span class=\"x-graphic\" aria-hidden=\"true\"><span class=\"x-image x-graphic-child x-graphic-image x-graphic-primary\"><img decoding=\"async\" src=\"https:\/\/miragemargarine.com\/wp-content\/uploads\/2025\/08\/check.png\" width=\"45\" height=\"46\" alt=\"Image\"><\/span><\/span><div class=\"x-text-content-text\"><div class=\"x-text-content-text-primary\">Sans gluten<\/div>\n<\/div><\/div><\/div><div class=\"x-text x-text-headline has-graphic e12975-e20 ma0f-d ma0f-h\"><div class=\"x-text-content\"><span class=\"x-graphic\" aria-hidden=\"true\"><span class=\"x-image x-graphic-child x-graphic-image x-graphic-primary\"><img decoding=\"async\" src=\"https:\/\/miragemargarine.com\/wp-content\/uploads\/2025\/08\/check.png\" width=\"45\" height=\"46\" alt=\"Image\"><\/span><\/span><div class=\"x-text-content-text\"><div class=\"x-text-content-text-primary\">Cuit comme du beurre<\/div>\n<\/div><\/div><\/div><\/div><\/div><\/div><\/div><\/div>","protected":false},"excerpt":{"rendered":"<p>Meilleurs conseils de p\u00e2tisserie Sp\u00e9cialement compos\u00e9e pour cuire comme du beurre, Mirage est la margarine de choix des boulangers qui recherchent une qualit\u00e9 et une saveur exceptionnelles.La p\u00e2tisserie, c\u2019est de la chimie Chaque g\u00e2teau, pain et biscuit est une r\u00e9action chimique \u2014 la p\u00e2tisserie doit donc \u00eatre abord\u00e9e comme une science. Mesurer les ingr\u00e9dients avec pr\u00e9cision est l\u2019une des meilleures\u2026<\/p>\n","protected":false},"author":1,"featured_media":0,"parent":0,"menu_order":0,"comment_status":"closed","ping_status":"closed","template":"template-blank-4.php","meta":{"_acf_changed":false,"footnotes":""},"class_list":["post-12975","page","type-page","status-publish","hentry","no-post-thumbnail"],"acf":[],"_links":{"self":[{"href":"https:\/\/miragemargarine.com\/fr\/wp-json\/wp\/v2\/pages\/12975","targetHints":{"allow":["GET"]}}],"collection":[{"href":"https:\/\/miragemargarine.com\/fr\/wp-json\/wp\/v2\/pages"}],"about":[{"href":"https:\/\/miragemargarine.com\/fr\/wp-json\/wp\/v2\/types\/page"}],"author":[{"embeddable":true,"href":"https:\/\/miragemargarine.com\/fr\/wp-json\/wp\/v2\/users\/1"}],"replies":[{"embeddable":true,"href":"https:\/\/miragemargarine.com\/fr\/wp-json\/wp\/v2\/comments?post=12975"}],"version-history":[{"count":28,"href":"https:\/\/miragemargarine.com\/fr\/wp-json\/wp\/v2\/pages\/12975\/revisions"}],"predecessor-version":[{"id":13380,"href":"https:\/\/miragemargarine.com\/fr\/wp-json\/wp\/v2\/pages\/12975\/revisions\/13380"}],"wp:attachment":[{"href":"https:\/\/miragemargarine.com\/fr\/wp-json\/wp\/v2\/media?parent=12975"}],"curies":[{"name":"wp","href":"https:\/\/api.w.org\/{rel}","templated":true}]}}