{"id":12970,"date":"2025-08-07T10:00:34","date_gmt":"2025-08-07T15:00:34","guid":{"rendered":"https:\/\/miragemargarine.com\/baking-basics-101-french\/"},"modified":"2025-12-18T06:53:20","modified_gmt":"2025-12-18T12:53:20","slug":"les-bases-de-la-patisserie-101","status":"publish","type":"page","link":"https:\/\/miragemargarine.com\/fr\/les-bases-de-la-patisserie-101\/","title":{"rendered":"Les bases de la p\u00e2tisserie 101"},"content":{"rendered":"<div id=\"cs-content\" class=\"cs-content\"><div class=\"x-section e12970-e1 ma0a-0 ma0a-1 ma0a-2 ma0a-3 interior-banner\"><div class=\"x-row x-container max width e12970-e2 ma0a-a ma0a-b ma0a-c ma0a-d ma0a-e ma0a-f ma0a-p ma0a-q interior-banner__row\"><div class=\"x-row-inner\"><div class=\"x-col e12970-e3 ma0a-y ma0a-z ma0a-10 ma0a-11 interior-banner__col\"><div class=\"x-text x-text-headline e12970-e4 ma0a-14 ma0a-15 ma0a-16 ma0a-17 ma0a-18 ma0a-19 ma0a-1a ma0a-1b ma0a-1c h1-headline\"><div class=\"x-text-content\"><div class=\"x-text-content-text\"><h1 class=\"x-text-content-text-primary\">Les bases de la p\u00e2tisserie 101\n<\/h1>\n<span class=\"x-text-content-text-subheadline\">Sp\u00e9cialement compos\u00e9e pour cuire comme du beurre, Mirage est la margarine de choix des boulangers qui recherchent une qualit\u00e9 et une saveur exceptionnelles.<\/span><\/div><\/div><\/div><\/div><div class=\"x-col e12970-e5 ma0a-y ma0a-10 ma0a-11 ma0a-12 interior-banner__image\"><span class=\"x-image e12970-e6 ma0a-1n ma0a-1o\"><img decoding=\"async\" src=\"https:\/\/miragemargarine.com\/wp-content\/uploads\/2025\/08\/Asset-1@3x-e1754511029423.png\" width=\"545\" height=\"608\" alt=\"Image\"><\/span><\/div><\/div><\/div><div class=\"x-div e12970-e7 ma0a-1r ma0a-1s ma0a-1t ma0a-1u ma0a-1v ma0a-1w ma0a-1x interior-banner__red\"><hr class=\"x-line x-hide-lg x-hide-md x-hide-sm x-hide-xl x-hide-xs e12970-e8 ma0a-24\"\/><\/div><\/div><div class=\"x-section e12970-e9 ma0a-0 ma0a-3 ma0a-4 ma0a-5\"><div class=\"x-row x-container max width e12970-e10 ma0a-b ma0a-c ma0a-d ma0a-f ma0a-g ma0a-h ma0a-i ma0a-p ma0a-r\"><div class=\"x-row-inner\"><div class=\"x-col e12970-e11 ma0a-10 ma0a-11\"><div class=\"x-text x-text-headline e12970-e12 ma0a-14 ma0a-15 ma0a-17 ma0a-18 ma0a-19 ma0a-1b ma0a-1c ma0a-1d ma0a-1e h2-headline\"><div class=\"x-text-content\"><div class=\"x-text-content-text\"><h2 class=\"x-text-content-text-primary\">Ingr\u00e9dients de base<\/h2>\n<\/div><\/div><\/div><div class=\"x-text x-text-headline e12970-e13 ma0a-14 ma0a-15 ma0a-16 ma0a-17 ma0a-18 ma0a-1b ma0a-1c ma0a-1f ma0a-1g h3-headline\"><div class=\"x-text-content\"><div class=\"x-text-content-text\"><h3 class=\"x-text-content-text-primary\">Margarine ou beurre\n<\/h3>\n<\/div><\/div><\/div><span class=\"x-image e12970-e14 ma0a-1n ma0a-1p\"><img decoding=\"async\" src=\"https:\/\/miragemargarine.com\/wp-content\/uploads\/2025\/12\/FRENCH_the-bakers-friend-infographic.png\" width=\"1096\" height=\"1125\" alt=\"Image\"><\/span><div class=\"x-text x-content e12970-e15 ma0a-25 ma0a-26 body-text\"><p>La margarine et le beurre sont utilis\u00e9s pour apporter du gras et de la texture en p\u00e2tisserie. M\u00eame s\u2019ils diff\u00e8rent par leur prix et leurs bienfaits pour la sant\u00e9, la margarine Mirage peut remplacer le beurre laitier dans un ratio de 1:1.<\/p>\n\n<h3><strong>Bicarbonate de soude et poudre \u00e0 p\u00e2te<\/strong><\/h3>\n<ul>\n \t<li style=\"font-weight: 400;\" aria-level=\"2\"><span style=\"font-weight: 400;\">Ces ingr\u00e9dients servent d\u2019agents levants en p\u00e2tisserie, mais leur activation diff\u00e8re. Le bicarbonate de soude s\u2019active avec un acide (comme le jus de citron, la poudre de cacao, le babeurre ou le vinaigre). La poudre \u00e0 p\u00e2te s\u2019active avec un liquide \u2014 de l\u2019eau ou du lait suffisent.<\/span><\/li>\n<\/ul><\/div><div class=\"x-text x-text-headline e12970-e16 ma0a-14 ma0a-15 ma0a-16 ma0a-17 ma0a-18 ma0a-1b ma0a-1c ma0a-1f ma0a-1g h3-headline\"><div class=\"x-text-content\"><div class=\"x-text-content-text\"><h3 class=\"x-text-content-text-primary\">Bases du four\n<\/h3>\n<\/div><\/div><\/div><div class=\"x-text x-content e12970-e17 ma0a-25 ma0a-26 body-text\"><p><span style=\"font-weight: 400;\">Des ingr\u00e9dients de qualit\u00e9 sont essentiels en p\u00e2tisserie, mais vos outils le sont tout autant! Le four est l\u2019un des \u00e9l\u00e9ments les plus importants d\u2019une recette, et il doit \u00eatre utilis\u00e9 correctement.<\/span><\/p>\n\n<ul>\n \t<li style=\"font-weight: 400;\" aria-level=\"2\"><span style=\"font-weight: 400;\">Si une recette ne pr\u00e9cise pas l\u2019endroit o\u00f9 placer vos produits au four, utilisez la grille du centre.<\/span><\/li>\n \t<li style=\"font-weight: 400;\" aria-level=\"2\"><span style=\"font-weight: 400;\">Les fours \u00e0 convection font mieux circuler la chaleur que les fours conventionnels et cuisent donc plus rapidement. Il est recommand\u00e9 de r\u00e9duire la temp\u00e9rature d\u2019environ 25 \u00b0F (15 \u00b0C) et de v\u00e9rifier vos p\u00e2tisseries un peu plus t\u00f4t que le temps de cuisson indiqu\u00e9.<\/span><\/li>\n \t<li style=\"font-weight: 400;\" aria-level=\"2\"><span style=\"font-weight: 400;\">M\u00eame si c\u2019est pratique de cuire beaucoup \u00e0 la fois, \u00e9vitez de surcharger le four. Trop de produits peuvent nuire \u00e0 la circulation de l\u2019air chaud et affecter la cuisson.<\/span><\/li>\n<\/ul><\/div><div class=\"x-text x-text-headline e12970-e18 ma0a-14 ma0a-15 ma0a-16 ma0a-17 ma0a-18 ma0a-1b ma0a-1c ma0a-1f ma0a-1g h3-headline\"><div class=\"x-text-content\"><div class=\"x-text-content-text\"><h3 class=\"x-text-content-text-primary\">Bases du refroidissement<\/h3>\n<\/div><\/div><\/div><div class=\"x-text x-content e12970-e19 ma0a-25 ma0a-27 body-text\"><p><span style=\"font-weight: 400;\">Le processus de cuisson ne s\u2019arr\u00eate pas \u00e0 la sortie du four \u2014 le refroidissement est une \u00e9tape importante souvent n\u00e9glig\u00e9e.<\/span><\/p>\n\n<ul>\n \t<li style=\"font-weight: 400;\" aria-level=\"2\"><span style=\"font-weight: 400;\">Pour un g\u00e2teau, laissez refroidir les \u00e9tages \u00e0 l\u2019envers : le dessus deviendra plus plat, ce qui facilite l\u2019assemblage et le gla\u00e7age.<\/span><\/li>\n \t<li style=\"font-weight: 400;\" aria-level=\"2\"><span style=\"font-weight: 400;\">Avant de ranger vos produits, assurez-vous qu\u2019ils soient compl\u00e8tement refroidis. Cela \u00e9vite la condensation dans le contenant, gardant vos p\u00e2tisseries croustillantes plut\u00f4t que molles.<\/span><\/li>\n \t<li style=\"font-weight: 400;\" aria-level=\"2\"><span style=\"font-weight: 400;\">Pour une recette qui demande de rouler ou p\u00e9trir une p\u00e2te, une surface froide aide \u00e0 \u00e9viter qu\u2019elle colle. Passez simplement un sac de glace sur le plan de travail avant de commencer!<\/span><\/li>\n<\/ul><\/div><div class=\"x-div e12970-e20 ma0a-1r ma0a-1v ma0a-1w ma0a-1x ma0a-1y ma0a-1z\"><a class=\"x-anchor x-anchor-button e12970-e21 ma0a-28 ma0a-29 ma0a-2a ma0a-2b ma0a-2c ma0a-2d primary-btn\" tabindex=\"0\" href=\"\/best-baking-tips\/\"><div class=\"x-anchor-content\"><div class=\"x-anchor-text\"><span class=\"x-anchor-text-primary\">Meilleurs conseils de p\u00e2tisserie<\/span><\/div><\/div><\/a><a class=\"x-anchor x-anchor-button e12970-e22 ma0a-28 ma0a-29 ma0a-2c ma0a-2d ma0a-2e ma0a-2f primary-purp-btn\" tabindex=\"0\" href=\"\/fr\/categories\/les-bases\/\"><div class=\"x-anchor-content\"><div class=\"x-anchor-text\"><span class=\"x-anchor-text-primary\">Recettes pour d\u00e9butants<\/span><\/div><\/div><\/a><\/div><\/div><div class=\"x-col e12970-e23 ma0a-10 ma0a-11\"><div class=\"x-text x-text-headline has-graphic e12970-e24 ma0a-14 ma0a-15 ma0a-17 ma0a-1c ma0a-1f ma0a-1h ma0a-1i ma0a-1j\"><div class=\"x-text-content\"><span class=\"x-graphic\" aria-hidden=\"true\"><span class=\"x-image x-graphic-child x-graphic-image x-graphic-primary\"><img decoding=\"async\" src=\"https:\/\/miragemargarine.com\/wp-content\/uploads\/2025\/08\/check.png\" width=\"45\" height=\"46\" alt=\"Image\"><\/span><\/span><div class=\"x-text-content-text\"><div class=\"x-text-content-text-primary\">\u00c0 base de plantes<\/div>\n<\/div><\/div><\/div><div class=\"x-text x-text-headline has-graphic e12970-e25 ma0a-14 ma0a-15 ma0a-17 ma0a-1c ma0a-1f ma0a-1h ma0a-1i ma0a-1j\"><div class=\"x-text-content\"><span class=\"x-graphic\" aria-hidden=\"true\"><span class=\"x-image x-graphic-child x-graphic-image x-graphic-primary\"><img decoding=\"async\" src=\"https:\/\/miragemargarine.com\/wp-content\/uploads\/2025\/08\/check.png\" width=\"45\" height=\"46\" alt=\"Image\"><\/span><\/span><div class=\"x-text-content-text\"><div class=\"x-text-content-text-primary\">Sans gluten<\/div>\n<\/div><\/div><\/div><div class=\"x-text x-text-headline has-graphic e12970-e26 ma0a-14 ma0a-15 ma0a-17 ma0a-1c ma0a-1f ma0a-1h ma0a-1i ma0a-1j\"><div class=\"x-text-content\"><span class=\"x-graphic\" aria-hidden=\"true\"><span class=\"x-image x-graphic-child x-graphic-image x-graphic-primary\"><img decoding=\"async\" src=\"https:\/\/miragemargarine.com\/wp-content\/uploads\/2025\/08\/check.png\" width=\"45\" height=\"46\" alt=\"Image\"><\/span><\/span><div class=\"x-text-content-text\"><div class=\"x-text-content-text-primary\">Cuit comme du beurre<\/div>\n<\/div><\/div><\/div><\/div><\/div><\/div><\/div><div class=\"x-section e12970-e27 ma0a-0 ma0a-1 ma0a-5 ma0a-6\"><div class=\"x-row x-container max width e12970-e28 ma0a-b ma0a-c ma0a-d ma0a-f ma0a-g ma0a-i ma0a-j ma0a-p ma0a-s\"><div class=\"x-row-inner\"><div class=\"x-col e12970-e29 ma0a-10 ma0a-11\"><div class=\"x-text x-text-headline e12970-e30 ma0a-17 ma0a-18 ma0a-19 ma0a-1b ma0a-1c ma0a-1e ma0a-1k h2-headline\"><div class=\"x-text-content\"><div class=\"x-text-content-text\"><h2 class=\"x-text-content-text-primary\">Allons cuisiner.<\/h2>\n<\/div><\/div><\/div><\/div><\/div><\/div><div class=\"x-row x-container max width e12970-e31 ma0a-c ma0a-d ma0a-e ma0a-g ma0a-k ma0a-t\"><div class=\"x-row-inner\"><div class=\"x-col e12970-e32 ma0a-10 ma0a-11\"><div class=\"x-row e12970-e33 ma0a-b ma0a-c ma0a-e ma0a-g ma0a-l ma0a-m ma0a-u ma0a-v\"><div class=\"x-row-inner\"><a class=\"x-col e12970-e34 ma0a-10 ma0a-13\" href=\"https:\/\/miragemargarine.com\/fr\/pains\/pain-a-la-banane-avec-tourbillon-de-chocolat-et-de-noisettes\/\" data-x-effect-provider=\"colors particles effects\"><article class=\"x-div e12970-e35 ma0a-1r ma0a-1u ma0a-1v ma0a-1w ma0a-1y ma0a-20 ma0a-7\"><div class=\"x-div e12970-e36 ma0a-1r ma0a-1w ma0a-1x ma0a-21\"><ul class=\"x-row e12970-e37 ma0a-b ma0a-c ma0a-d ma0a-e ma0a-g ma0a-n ma0a-w\"><div class=\"x-row-inner\"><li class=\"x-col e12970-e38 ma0a-10 ma0a-11\"><span class=\"x-anchor x-anchor-button e12970-e39 ma0a-28 ma0a-2d ma0a-2f ma0a-2g ma0a-2h ma0a-8\" tabindex=\"0\"><div class=\"x-anchor-content\"><div class=\"x-anchor-text\"><span class=\"x-anchor-text-primary\">Pains<\/span><\/div><\/div><\/span><\/li><\/div><\/ul><\/div><div class=\"x-div e12970-e40 ma0a-1r ma0a-1u ma0a-1v ma0a-22\"><div class=\"x-text x-text-headline e12970-e41 ma0a-15 ma0a-17 ma0a-18 ma0a-1f ma0a-1j ma0a-1l\"><div class=\"x-text-content\"><div class=\"x-text-content-text\"><h3 class=\"x-text-content-text-primary\">Pain \u00e0 la banane avec tourbillon de chocolat et de noisettes<\/h3>\n<\/div><\/div><\/div><div class=\"x-row e12970-e42 ma0a-c ma0a-e ma0a-g ma0a-m ma0a-o ma0a-u ma0a-x\"><div class=\"x-row-inner\"><div class=\"x-col e12970-e43 ma0a-10 ma0a-11\"><div class=\"x-text x-text-headline has-graphic e12970-e44 ma0a-17 ma0a-18 ma0a-1i ma0a-1k ma0a-1m\"><div class=\"x-text-content\"><span class=\"x-graphic\" aria-hidden=\"true\"><span class=\"x-image x-graphic-child x-graphic-image x-graphic-primary\"><img decoding=\"async\" src=\"https:\/\/miragemargarine.com\/wp-content\/uploads\/2025\/08\/Prep.png\" width=\"39\" height=\"39\" alt=\"Image\"><\/span><\/span><div class=\"x-text-content-text\"><div class=\"x-text-content-text-primary\">Prep: 15 min<\/div>\n<\/div><\/div><\/div><\/div><div class=\"x-col e12970-e45 ma0a-10 ma0a-11\"><div class=\"x-text x-text-headline has-graphic e12970-e46 ma0a-17 ma0a-18 ma0a-1i ma0a-1k ma0a-1m\"><div class=\"x-text-content\"><span class=\"x-graphic\" aria-hidden=\"true\"><span class=\"x-image x-graphic-child x-graphic-image x-graphic-primary\"><img decoding=\"async\" src=\"https:\/\/miragemargarine.com\/wp-content\/uploads\/2025\/08\/Cook.png\" width=\"39\" height=\"39\" alt=\"Image\"><\/span><\/span><div class=\"x-text-content-text\"><div class=\"x-text-content-text-primary\">Cook: 55-70 min<\/div>\n<\/div><\/div><\/div><\/div><div class=\"x-col e12970-e47 ma0a-10 ma0a-11\"><div class=\"x-text x-text-headline has-graphic e12970-e48 ma0a-17 ma0a-18 ma0a-1i ma0a-1k ma0a-1m\"><div class=\"x-text-content\"><span class=\"x-graphic\" aria-hidden=\"true\"><span class=\"x-image x-graphic-child x-graphic-image x-graphic-primary\"><img decoding=\"async\" src=\"https:\/\/miragemargarine.com\/wp-content\/uploads\/2025\/08\/Serve.png\" width=\"41\" height=\"41\" alt=\"Image\"><\/span><\/span><div class=\"x-text-content-text\"><div class=\"x-text-content-text-primary\">Serves: 1 pain<\/div>\n<\/div><\/div><\/div><\/div><\/div><\/div><span class=\"x-anchor x-anchor-button e12970-e49 ma0a-28 ma0a-2b ma0a-2c ma0a-2g ma0a-2i primary-btn\" tabindex=\"0\"><div class=\"x-anchor-content\"><div class=\"x-anchor-text\"><span class=\"x-anchor-text-primary\">Bake it now<\/span><\/div><\/div><\/span><\/div><figure class=\"x-div e12970-e50 ma0a-1r ma0a-1s ma0a-1v ma0a-1w ma0a-1x ma0a-23 ma0a-7 ma0a-9\" data-x-effect=\"{&quot;durationBase&quot;:&quot;650ms&quot;}\"><span class=\"x-image e12970-e51 ma0a-1n ma0a-1p ma0a-1q\"><img decoding=\"async\" src=\"https:\/\/miragemargarine.com\/wp-content\/uploads\/2025\/12\/bananabread-hero-2-of-1.jpg\" width=\"290\" height=\"193\" alt=\"Featured image for \u201cPain \u00e0 la banane avec tourbillon de chocolat et de noisettes\u201d\"><\/span><\/figure><\/article><\/a><a class=\"x-col e12970-e34 ma0a-10 ma0a-13\" href=\"https:\/\/miragemargarine.com\/fr\/gateau\/christmas-wreath-cupcakes\/\" data-x-effect-provider=\"colors particles effects\"><article class=\"x-div e12970-e35 ma0a-1r ma0a-1u ma0a-1v ma0a-1w ma0a-1y ma0a-20 ma0a-7\"><div class=\"x-div e12970-e36 ma0a-1r ma0a-1w ma0a-1x ma0a-21\"><ul class=\"x-row e12970-e37 ma0a-b ma0a-c ma0a-d ma0a-e ma0a-g ma0a-n ma0a-w\"><div class=\"x-row-inner\"><li class=\"x-col e12970-e38 ma0a-10 ma0a-11\"><span class=\"x-anchor x-anchor-button e12970-e39 ma0a-28 ma0a-2d ma0a-2f ma0a-2g ma0a-2h ma0a-8\" tabindex=\"0\"><div class=\"x-anchor-content\"><div class=\"x-anchor-text\"><span class=\"x-anchor-text-primary\">G\u00e2teau<\/span><\/div><\/div><\/span><\/li><\/div><\/ul><\/div><div class=\"x-div e12970-e40 ma0a-1r ma0a-1u ma0a-1v ma0a-22\"><div class=\"x-text x-text-headline e12970-e41 ma0a-15 ma0a-17 ma0a-18 ma0a-1f ma0a-1j ma0a-1l\"><div class=\"x-text-content\"><div class=\"x-text-content-text\"><h3 class=\"x-text-content-text-primary\">Cupcakes couronnes de No\u00ebl<\/h3>\n<\/div><\/div><\/div><div class=\"x-row e12970-e42 ma0a-c ma0a-e ma0a-g ma0a-m ma0a-o ma0a-u ma0a-x\"><div class=\"x-row-inner\"><div class=\"x-col e12970-e43 ma0a-10 ma0a-11\"><div class=\"x-text x-text-headline has-graphic e12970-e44 ma0a-17 ma0a-18 ma0a-1i ma0a-1k ma0a-1m\"><div class=\"x-text-content\"><span class=\"x-graphic\" aria-hidden=\"true\"><span class=\"x-image x-graphic-child x-graphic-image x-graphic-primary\"><img decoding=\"async\" src=\"https:\/\/miragemargarine.com\/wp-content\/uploads\/2025\/08\/Prep.png\" width=\"39\" height=\"39\" alt=\"Image\"><\/span><\/span><div class=\"x-text-content-text\"><div class=\"x-text-content-text-primary\">Prep: 10 min<\/div>\n<\/div><\/div><\/div><\/div><div class=\"x-col e12970-e45 ma0a-10 ma0a-11\"><div class=\"x-text x-text-headline has-graphic e12970-e46 ma0a-17 ma0a-18 ma0a-1i ma0a-1k ma0a-1m\"><div class=\"x-text-content\"><span class=\"x-graphic\" aria-hidden=\"true\"><span class=\"x-image x-graphic-child x-graphic-image x-graphic-primary\"><img decoding=\"async\" src=\"https:\/\/miragemargarine.com\/wp-content\/uploads\/2025\/08\/Cook.png\" width=\"39\" height=\"39\" alt=\"Image\"><\/span><\/span><div class=\"x-text-content-text\"><div class=\"x-text-content-text-primary\">Cook: 18 min<\/div>\n<\/div><\/div><\/div><\/div><div class=\"x-col e12970-e47 ma0a-10 ma0a-11\"><div class=\"x-text x-text-headline has-graphic e12970-e48 ma0a-17 ma0a-18 ma0a-1i ma0a-1k ma0a-1m\"><div class=\"x-text-content\"><span class=\"x-graphic\" aria-hidden=\"true\"><span class=\"x-image x-graphic-child x-graphic-image x-graphic-primary\"><img decoding=\"async\" src=\"https:\/\/miragemargarine.com\/wp-content\/uploads\/2025\/08\/Serve.png\" width=\"41\" height=\"41\" alt=\"Image\"><\/span><\/span><div class=\"x-text-content-text\"><div class=\"x-text-content-text-primary\">Serves: 24 Cupcakes<\/div>\n<\/div><\/div><\/div><\/div><\/div><\/div><span class=\"x-anchor x-anchor-button e12970-e49 ma0a-28 ma0a-2b ma0a-2c ma0a-2g ma0a-2i primary-btn\" tabindex=\"0\"><div class=\"x-anchor-content\"><div class=\"x-anchor-text\"><span class=\"x-anchor-text-primary\">Bake it now<\/span><\/div><\/div><\/span><\/div><figure class=\"x-div e12970-e50 ma0a-1r ma0a-1s ma0a-1v ma0a-1w ma0a-1x ma0a-23 ma0a-7 ma0a-9\" data-x-effect=\"{&quot;durationBase&quot;:&quot;650ms&quot;}\"><span class=\"x-image e12970-e51 ma0a-1n ma0a-1p ma0a-1q\"><img decoding=\"async\" src=\"https:\/\/miragemargarine.com\/wp-content\/uploads\/2024\/11\/MM_ExtraSparklesPlease_Image_02_CupcakeWreath_2024-scaled-1.jpg\" width=\"853\" height=\"1280\" alt=\"Featured image for \u201cCupcakes couronnes de No\u00ebl\u201d\"><\/span><\/figure><\/article><\/a><a class=\"x-col e12970-e34 ma0a-10 ma0a-13\" href=\"https:\/\/miragemargarine.com\/fr\/gateau\/gateau-renverse-a-lorange-epicee\/\" data-x-effect-provider=\"colors particles effects\"><article class=\"x-div e12970-e35 ma0a-1r ma0a-1u ma0a-1v ma0a-1w ma0a-1y ma0a-20 ma0a-7\"><div class=\"x-div e12970-e36 ma0a-1r ma0a-1w ma0a-1x ma0a-21\"><ul class=\"x-row e12970-e37 ma0a-b ma0a-c ma0a-d ma0a-e ma0a-g ma0a-n ma0a-w\"><div class=\"x-row-inner\"><li class=\"x-col e12970-e38 ma0a-10 ma0a-11\"><span class=\"x-anchor x-anchor-button e12970-e39 ma0a-28 ma0a-2d ma0a-2f ma0a-2g ma0a-2h ma0a-8\" tabindex=\"0\"><div class=\"x-anchor-content\"><div class=\"x-anchor-text\"><span class=\"x-anchor-text-primary\">G\u00e2teau<\/span><\/div><\/div><\/span><\/li><\/div><\/ul><\/div><div class=\"x-div e12970-e40 ma0a-1r ma0a-1u ma0a-1v ma0a-22\"><div class=\"x-text x-text-headline e12970-e41 ma0a-15 ma0a-17 ma0a-18 ma0a-1f ma0a-1j ma0a-1l\"><div class=\"x-text-content\"><div class=\"x-text-content-text\"><h3 class=\"x-text-content-text-primary\">G\u00e2teau renvers\u00e9 \u00e0 l&rsquo;orange \u00e9pic\u00e9e<\/h3>\n<\/div><\/div><\/div><div class=\"x-row e12970-e42 ma0a-c ma0a-e ma0a-g ma0a-m ma0a-o ma0a-u ma0a-x\"><div class=\"x-row-inner\"><div class=\"x-col e12970-e43 ma0a-10 ma0a-11\"><div class=\"x-text x-text-headline has-graphic e12970-e44 ma0a-17 ma0a-18 ma0a-1i ma0a-1k ma0a-1m\"><div class=\"x-text-content\"><span class=\"x-graphic\" aria-hidden=\"true\"><span class=\"x-image x-graphic-child x-graphic-image x-graphic-primary\"><img decoding=\"async\" src=\"https:\/\/miragemargarine.com\/wp-content\/uploads\/2025\/08\/Prep.png\" width=\"39\" height=\"39\" alt=\"Image\"><\/span><\/span><div class=\"x-text-content-text\"><div class=\"x-text-content-text-primary\">Prep: 20 min<\/div>\n<\/div><\/div><\/div><\/div><div class=\"x-col e12970-e45 ma0a-10 ma0a-11\"><div class=\"x-text x-text-headline has-graphic e12970-e46 ma0a-17 ma0a-18 ma0a-1i ma0a-1k ma0a-1m\"><div class=\"x-text-content\"><span class=\"x-graphic\" aria-hidden=\"true\"><span class=\"x-image x-graphic-child x-graphic-image x-graphic-primary\"><img decoding=\"async\" src=\"https:\/\/miragemargarine.com\/wp-content\/uploads\/2025\/08\/Cook.png\" width=\"39\" height=\"39\" alt=\"Image\"><\/span><\/span><div class=\"x-text-content-text\"><div class=\"x-text-content-text-primary\">Cook: 45 min<\/div>\n<\/div><\/div><\/div><\/div><div class=\"x-col e12970-e47 ma0a-10 ma0a-11\"><div class=\"x-text x-text-headline has-graphic e12970-e48 ma0a-17 ma0a-18 ma0a-1i ma0a-1k ma0a-1m\"><div class=\"x-text-content\"><span class=\"x-graphic\" aria-hidden=\"true\"><span class=\"x-image x-graphic-child x-graphic-image x-graphic-primary\"><img decoding=\"async\" src=\"https:\/\/miragemargarine.com\/wp-content\/uploads\/2025\/08\/Serve.png\" width=\"41\" height=\"41\" alt=\"Image\"><\/span><\/span><div class=\"x-text-content-text\"><div class=\"x-text-content-text-primary\">Serves: 6 personnes<\/div>\n<\/div><\/div><\/div><\/div><\/div><\/div><span class=\"x-anchor x-anchor-button e12970-e49 ma0a-28 ma0a-2b ma0a-2c ma0a-2g ma0a-2i primary-btn\" tabindex=\"0\"><div class=\"x-anchor-content\"><div class=\"x-anchor-text\"><span class=\"x-anchor-text-primary\">Bake it now<\/span><\/div><\/div><\/span><\/div><figure class=\"x-div e12970-e50 ma0a-1r ma0a-1s ma0a-1v ma0a-1w ma0a-1x ma0a-23 ma0a-7 ma0a-9\" data-x-effect=\"{&quot;durationBase&quot;:&quot;650ms&quot;}\"><span class=\"x-image e12970-e51 ma0a-1n ma0a-1p ma0a-1q\"><img decoding=\"async\" src=\"https:\/\/miragemargarine.com\/wp-content\/uploads\/2024\/11\/Upside-down-orange-1.jpg\" width=\"960\" height=\"675\" alt=\"Featured image for \u201cG\u00e2teau renvers\u00e9 \u00e0 l&rsquo;orange \u00e9pic\u00e9e\u201d\"><\/span><\/figure><\/article><\/a><\/div><\/div><\/div><\/div><\/div><\/div><\/div>","protected":false},"excerpt":{"rendered":"<p>Les bases de la p\u00e2tisserie 101 Sp\u00e9cialement compos\u00e9e pour cuire comme du beurre, Mirage est la margarine de choix des boulangers qui recherchent une qualit\u00e9 et une saveur exceptionnelles.Ingr\u00e9dients de base Margarine ou beurre La margarine et le beurre sont utilis\u00e9s pour apporter du gras et de la texture en p\u00e2tisserie. M\u00eame s\u2019ils diff\u00e8rent par leur prix et leurs bienfaits\u2026<\/p>\n","protected":false},"author":1,"featured_media":0,"parent":0,"menu_order":0,"comment_status":"closed","ping_status":"closed","template":"template-blank-4.php","meta":{"_acf_changed":false,"footnotes":""},"class_list":["post-12970","page","type-page","status-publish","hentry","no-post-thumbnail"],"acf":[],"_links":{"self":[{"href":"https:\/\/miragemargarine.com\/fr\/wp-json\/wp\/v2\/pages\/12970","targetHints":{"allow":["GET"]}}],"collection":[{"href":"https:\/\/miragemargarine.com\/fr\/wp-json\/wp\/v2\/pages"}],"about":[{"href":"https:\/\/miragemargarine.com\/fr\/wp-json\/wp\/v2\/types\/page"}],"author":[{"embeddable":true,"href":"https:\/\/miragemargarine.com\/fr\/wp-json\/wp\/v2\/users\/1"}],"replies":[{"embeddable":true,"href":"https:\/\/miragemargarine.com\/fr\/wp-json\/wp\/v2\/comments?post=12970"}],"version-history":[{"count":29,"href":"https:\/\/miragemargarine.com\/fr\/wp-json\/wp\/v2\/pages\/12970\/revisions"}],"predecessor-version":[{"id":13367,"href":"https:\/\/miragemargarine.com\/fr\/wp-json\/wp\/v2\/pages\/12970\/revisions\/13367"}],"wp:attachment":[{"href":"https:\/\/miragemargarine.com\/fr\/wp-json\/wp\/v2\/media?parent=12970"}],"curies":[{"name":"wp","href":"https:\/\/api.w.org\/{rel}","templated":true}]}}