{"id":12963,"date":"2025-08-07T10:07:08","date_gmt":"2025-08-07T15:07:08","guid":{"rendered":"https:\/\/miragemargarine.com\/about-french\/"},"modified":"2025-12-18T06:55:41","modified_gmt":"2025-12-18T12:55:41","slug":"a-propos","status":"publish","type":"page","link":"https:\/\/miragemargarine.com\/fr\/a-propos\/","title":{"rendered":"\u00c0 propos"},"content":{"rendered":"<div id=\"cs-content\" class=\"cs-content\"><div class=\"x-section e12963-e1 ma03-0 ma03-1 interior-banner\"><div class=\"x-row x-container max width e12963-e2 ma03-3 ma03-4 ma03-6 ma03-7 interior-banner__row\"><div class=\"x-row-inner\"><div class=\"x-col e12963-e3 ma03-9 ma03-a ma03-b interior-banner__col\"><div class=\"x-text x-text-headline e12963-e4 ma03-d ma03-e ma03-f h1-headline\"><div class=\"x-text-content\"><div class=\"x-text-content-text\"><h1 class=\"x-text-content-text-primary\">\u00c0 propos de la margarine Mirage\n<\/h1>\n<span class=\"x-text-content-text-subheadline\">Du sirop qui coule d\u2019une cr\u00eape au filet de ganache vers\u00e9 sur un brownie d\u00e9cadent, nous savons \u00e0 quel point les moments de p\u00e2tisserie comptent.<\/span><\/div><\/div><\/div><\/div><div class=\"x-col e12963-e5 ma03-9 ma03-b ma03-c interior-banner__image\"><span class=\"x-image e12963-e6 ma03-i\"><img decoding=\"async\" src=\"https:\/\/miragemargarine.com\/wp-content\/uploads\/2025\/08\/Asset-1@3x-e1754511029423.png\" width=\"545\" height=\"608\" alt=\"Image\"><\/span><\/div><\/div><\/div><div class=\"x-div e12963-e7 ma03-j ma03-k interior-banner__red\"><hr class=\"x-line x-hide-lg x-hide-md x-hide-sm x-hide-xl x-hide-xs e12963-e8 ma03-m\"\/><\/div><\/div><div class=\"x-section e12963-e9 ma03-0 ma03-2\"><div class=\"x-row x-container max width e12963-e10 ma03-4 ma03-5 ma03-6 ma03-8\"><div class=\"x-row-inner\"><div class=\"x-col e12963-e11 ma03-b\"><div class=\"x-text x-content e12963-e12 ma03-n body-text\"><span data-metadata=\"&lt;!--(figmeta)eyJmaWxlS2V5IjoiUmYwT2JQOWRNc3RFWldsNU9lTUJETSIsInBhc3RlSUQiOjEwNTY3NzYwNzUsImRhdGFUeXBlIjoic2NlbmUifQo=(\/figmeta)--&gt;\"><\/span>Cette paix et ce r\u00e9confort qui viennent de la douce lueur de votre four, c\u2019est exactement ce qui nous inspire. Chez Mirage Margarine, nous servons les Canadiens en nous assurant que savourer chaque instant en cuisine n\u2019est pas qu\u2019un mirage \u2014 c\u2019est bien r\u00e9el, avec Mirage. Nous sommes l\u00e0 pour faire partie de vos souvenirs de p\u00e2tisserie, en vous accompagnant \u00e0 chaque \u00e9tape.<\/div><div class=\"x-text x-text-headline e12963-e13 ma03-d ma03-e ma03-g h2-headline\"><div class=\"x-text-content\"><div class=\"x-text-content-text\"><h2 class=\"x-text-content-text-primary\">Soutenir votre exp\u00e9rience<\/h2>\n<\/div><\/div><\/div><div class=\"x-text x-content e12963-e14 ma03-n body-text\"><p><span style=\"font-weight: 400;\">La margarine Mirage n\u2019est pas seulement parfaite pour ajouter de l\u2019humidit\u00e9 et de la qualit\u00e9 \u00e0 vos p\u00e2tisseries \u2014 elle peut aussi \u00eatre utilis\u00e9e partout dans la cuisine. Mirage est formul\u00e9e avec expertise pour fondre et <span>frire<\/span> dans une multitude de recettes. Sa texture cr\u00e9meuse est id\u00e9ale \u00e0 tartiner, que ce soit sur un scone fra\u00eechement sorti du four ou sur une r\u00f4tie au petit matin. Chaque utilisation est une exp\u00e9rience diff\u00e9rente, et nous sommes l\u00e0 pour toutes.<\/span><\/p>\n<p><span style=\"font-weight: 400;\">Nous ne faisons pas que de la margarine \u2014 La Cuisine Mirage est aussi d\u00e9di\u00e9e \u00e0 vous offrir de l\u2019inspiration pour vos recettes et vos repas. Nous nous occupons de la planification afin que votre exp\u00e9rience de cuisson soit ax\u00e9e sur le plaisir du processus.<\/span><\/p><\/div><div class=\"x-text x-text-headline e12963-e15 ma03-d ma03-e ma03-g h2-headline\"><div class=\"x-text-content\"><div class=\"x-text-content-text\"><h2 class=\"x-text-content-text-primary\">Vous soutenir avec performance et qualit\u00e9\n<\/h2>\n<\/div><\/div><\/div><div class=\"x-text x-content e12963-e16 ma03-n body-text\">Nous ne voulons jamais que vous ayez \u00e0 sacrifier la qualit\u00e9 ou la performance pour la commodit\u00e9 \u2014 et gr\u00e2ce \u00e0 Mirage, vous n\u2019avez pas \u00e0 le faire. La margarine Mirage contient des ingr\u00e9dients de grande qualit\u00e9, ce qui lui donne cette texture cr\u00e9meuse qui cuit comme du beurre et qui rehausse la saveur des aliments. La qualit\u00e9 de Mirage signifie que vous pouvez compter sur nous autant pour explorer de nouvelles cr\u00e9ations culinaires que pour recr\u00e9er vos classiques pr\u00e9f\u00e9r\u00e9s. Nous livrons la performance, peu importe le d\u00e9fi.<\/div><div class=\"x-text x-text-headline e12963-e17 ma03-d ma03-e ma03-g h2-headline\"><div class=\"x-text-content\"><div class=\"x-text-content-text\"><h2 class=\"x-text-content-text-primary\">Vous soutenir, vous et votre communaut\u00e9\n<\/h2>\n<\/div><\/div><\/div><div class=\"x-text x-content e12963-e18 ma03-n body-text\"><p>Chez Mirage Margarine, nous r\u00e9ussissons pour notre communaut\u00e9 afin que vous puissiez vous concentrer sur la cr\u00e9ation de souvenirs gourmands avec la v\u00f4tre. Qu\u2019il s\u2019agisse d\u2019apprendre une nouvelle recette avec votre enfant ou de partager un repas entre amis de longue date, la nourriture nourrit la communaut\u00e9. Elle est le lien ultime. On peut la partager, la transmettre, mais surtout la savourer avec ceux qu\u2019on aime \u2014 et ceux qui le deviendront. Ce sentiment que vous ressentez lors d\u2019un souper des F\u00eates, ou lorsque vous recevez une \u00e9treinte accompagn\u00e9e d\u2019un biscuit chaud par une journ\u00e9e froide, voil\u00e0 comment la nourriture renforce les liens communautaires.<\/p>\n<p>Nous ch\u00e9rissons ces moments de cr\u00e9ation en cuisine et la mani\u00e8re dont la nourriture rapproche les gens. Notre e<span>ntreprise\u00a0<\/span> m\u00e8re, <a href=\"https:\/\/www.richardson.ca\/\" target=\"_blank\" rel=\"noopener\">Richardson International<\/a> cultive le canola depuis 1857. Nous sommes fiers d\u2019\u00eatre pr\u00e9sents \u00e0 chaque \u00e9tape du parcours de vos aliments, de la ferme \u00e0 votre table. L\u2019honn\u00eatet\u00e9 et l\u2019int\u00e9grit\u00e9 sont au c\u0153ur de notre d\u00e9marche pour b\u00e2tir une confiance durable avec nos clients..<\/p><\/div><div class=\"x-div e12963-e19 ma03-j ma03-l\"><a class=\"x-anchor x-anchor-button e12963-e20 ma03-o primary-btn\" tabindex=\"0\" href=\"\/buy-now\/\"><div class=\"x-anchor-content\"><div class=\"x-anchor-text\"><span class=\"x-anchor-text-primary\">Acheter<\/span><\/div><\/div><\/a><\/div><\/div><div class=\"x-col e12963-e21 ma03-b\"><div class=\"x-text x-text-headline has-graphic e12963-e22 ma03-d ma03-h\"><div class=\"x-text-content\"><span class=\"x-graphic\" aria-hidden=\"true\"><span class=\"x-image x-graphic-child x-graphic-image x-graphic-primary\"><img decoding=\"async\" src=\"https:\/\/miragemargarine.com\/wp-content\/uploads\/2025\/08\/check.png\" width=\"45\" height=\"46\" alt=\"Image\"><\/span><\/span><div class=\"x-text-content-text\"><div class=\"x-text-content-text-primary\">\u00e0 base de plantes<\/div>\n<\/div><\/div><\/div><div class=\"x-text x-text-headline has-graphic e12963-e23 ma03-d ma03-h\"><div class=\"x-text-content\"><span class=\"x-graphic\" aria-hidden=\"true\"><span class=\"x-image x-graphic-child x-graphic-image x-graphic-primary\"><img decoding=\"async\" src=\"https:\/\/miragemargarine.com\/wp-content\/uploads\/2025\/08\/check.png\" width=\"45\" height=\"46\" alt=\"Image\"><\/span><\/span><div class=\"x-text-content-text\"><div class=\"x-text-content-text-primary\">sans gluten<\/div>\n<\/div><\/div><\/div><div class=\"x-text x-text-headline has-graphic e12963-e24 ma03-d ma03-h\"><div class=\"x-text-content\"><span class=\"x-graphic\" aria-hidden=\"true\"><span class=\"x-image x-graphic-child x-graphic-image x-graphic-primary\"><img decoding=\"async\" src=\"https:\/\/miragemargarine.com\/wp-content\/uploads\/2025\/08\/check.png\" width=\"45\" height=\"46\" alt=\"Image\"><\/span><\/span><div class=\"x-text-content-text\"><div class=\"x-text-content-text-primary\">cuit comme du beurre<\/div>\n<\/div><\/div><\/div><\/div><\/div><\/div><\/div><\/div>","protected":false},"excerpt":{"rendered":"<p>\u00c0 propos de la margarine Mirage Du sirop qui coule d\u2019une cr\u00eape au filet de ganache vers\u00e9 sur un brownie d\u00e9cadent, nous savons \u00e0 quel point les moments de p\u00e2tisserie comptent.Cette paix et ce r\u00e9confort qui viennent de la douce lueur de votre four, c\u2019est exactement ce qui nous inspire. Chez Mirage Margarine, nous servons les Canadiens en nous assurant\u2026<\/p>\n","protected":false},"author":1,"featured_media":0,"parent":0,"menu_order":0,"comment_status":"closed","ping_status":"closed","template":"template-blank-4.php","meta":{"_acf_changed":false,"footnotes":""},"class_list":["post-12963","page","type-page","status-publish","hentry","no-post-thumbnail"],"acf":[],"_links":{"self":[{"href":"https:\/\/miragemargarine.com\/fr\/wp-json\/wp\/v2\/pages\/12963","targetHints":{"allow":["GET"]}}],"collection":[{"href":"https:\/\/miragemargarine.com\/fr\/wp-json\/wp\/v2\/pages"}],"about":[{"href":"https:\/\/miragemargarine.com\/fr\/wp-json\/wp\/v2\/types\/page"}],"author":[{"embeddable":true,"href":"https:\/\/miragemargarine.com\/fr\/wp-json\/wp\/v2\/users\/1"}],"replies":[{"embeddable":true,"href":"https:\/\/miragemargarine.com\/fr\/wp-json\/wp\/v2\/comments?post=12963"}],"version-history":[{"count":33,"href":"https:\/\/miragemargarine.com\/fr\/wp-json\/wp\/v2\/pages\/12963\/revisions"}],"predecessor-version":[{"id":13369,"href":"https:\/\/miragemargarine.com\/fr\/wp-json\/wp\/v2\/pages\/12963\/revisions\/13369"}],"wp:attachment":[{"href":"https:\/\/miragemargarine.com\/fr\/wp-json\/wp\/v2\/media?parent=12963"}],"curies":[{"name":"wp","href":"https:\/\/api.w.org\/{rel}","templated":true}]}}